{"id":422,"date":"2021-04-26T00:04:09","date_gmt":"2021-04-25T22:04:09","guid":{"rendered":"https:\/\/tfc.bhakwien10.schulwebspace.at\/?page_id=422"},"modified":"2025-10-07T10:21:25","modified_gmt":"2025-10-07T08:21:25","slug":"web-design","status":"publish","type":"page","link":"https:\/\/tfc.bhakwien10.schulwebspace.at\/en\/web-design\/","title":{"rendered":"IMCM"},"content":{"rendered":"<!--themify_builder_content-->\n<div id=\"themify_builder_content-422\" data-postid=\"422\" class=\"themify_builder_content themify_builder_content-422 themify_builder tf_clear\">\n    \t<!-- module_row -->\n\t<div  data-lazy=\"1\" class=\"module_row themify_builder_row tb_jqmo486 tb_first clearfix\" >\n\t    \t\t<div class=\"row_inner col_align_top tf_box tf_w tf_rel\">\n\t\t\t<div  data-lazy=\"1\" class=\"module_column tb-column col-full first tb_xuk7488 tf_box\">\n\t    \t    \t        <div class=\"tb-column-inner tf_box tf_w\">\n\t\t    <!-- module text -->\n<div  class=\"module module-text tb_q60295\" data-lazy=\"1\">\n            <div  class=\"tb_text_wrap\">\n    <h2 style=\"text-align: center;\">\u00dcber Uns<\/h2>    <\/div>\n<\/div>\n<!-- \/module text --><!-- module divider -->\n<div  class=\"module tf_mw module-divider tb_a7on865 double    wow\" data-tf-animation=\"fadeInUp\" data-tf-animation_delay=\"0.5\" style=\"border-width: 3px;border-color: #000;\" data-lazy=\"1\">\n        <\/div>\n<!-- \/module divider -->\n\t        <\/div>\n\t    \t<\/div>\n\t\t    <\/div>\n\t    <!-- \/row_inner -->\n\t<\/div>\n\t<!-- \/module_row -->\n\t\t<!-- module_row -->\n\t<div  data-lazy=\"1\" class=\"module_row themify_builder_row tb_s9qn48 clearfix\" >\n\t    \t\t<div class=\"row_inner col_align_top tf_box tf_w tf_rel\">\n\t\t\t<div  data-lazy=\"1\" class=\"module_column tb-column col-full first tb_1fs749 tf_box\">\n\t    \t    \t        <div class=\"tb-column-inner tf_box tf_w\">\n\t\t    <!-- module text -->\n<div  class=\"module module-text tb_99td991\" data-lazy=\"1\">\n            <div  class=\"tb_text_wrap\">\n    <p>Wir sind die \u00dcbungsfirma \u201eThe Fair Company\u201c und zeichnen uns durch unseren Handel mit Fairtrade-Produkten aus. Im Schuljahr 2018\/2019 wurde unsere \u00dcbungsfirma gegr\u00fcndet. Uns liegt es besonders am Herzen, dass auch die Produzenten der Produkte genug verdienen, sodass sie von der Zusammenarbeit profitieren.<\/p>\n<p>Zus\u00e4tzlich wissen die Konsumenten immer woher ihr gekauftes Produkt stammt und welche Inhalte enthalten sind. Aus diesem Grund achten wir bei allen unseren Produkten darauf, dass sie nachhaltig hergestellt wurden. Dadurch schonen wir die Umwelt und sparen Ressourcen und vermindern den Co2 Aussto\u00df. Au\u00dferdem arbeiten wir auch mit der Firma \u201eWeltladen\u201c zusammen, da diese dieselben Werte wie wir vertreten. Alle unserer Mitarbeiter stehen voll und ganz hinter diesen Werten, weshalb es ein leichtes f\u00fcr uns ist diese innerhalb der \u00dcbungsfirma umzusetzen.<\/p>    <\/div>\n<\/div>\n<!-- \/module text -->\t        <\/div>\n\t    \t<\/div>\n\t\t    <\/div>\n\t    <!-- \/row_inner -->\n\t<\/div>\n\t<!-- \/module_row -->\n\t\t<!-- module_row -->\n\t<div  data-lazy=\"1\" class=\"module_row themify_builder_row tb_hpch577 clearfix\">\n\t    \t\t<div class=\"row_inner col_align_top tf_box tf_w tf_rel\">\n\t\t\t<div  data-lazy=\"1\" class=\"module_column tb-column col-full first tb_nr1l578 tf_box\">\n\t    \t    \t        <div class=\"tb-column-inner tf_box tf_w\">\n\t\t    <!-- module text -->\n<div  class=\"module module-text tb_t54b578\" data-lazy=\"1\">\n            <div  class=\"tb_text_wrap\">\n    <h2 style=\"text-align: center;\">Produktinformation<\/h2>    <\/div>\n<\/div>\n<!-- \/module text --><!-- module divider -->\n<div  class=\"module tf_mw module-divider tb_a4t9977 double    wow\" data-tf-animation=\"fadeInUp\" data-tf-animation_delay=\"0.5\" style=\"border-width: 3px;border-color: #000;\" data-lazy=\"1\">\n        <\/div>\n<!-- \/module divider -->\n<!-- module text -->\n<div  class=\"module module-text tb_wk9r579\" data-lazy=\"1\">\n            <div  class=\"tb_text_wrap\">\n    <h3>Nachhaltigkeit<\/h3>    <\/div>\n<\/div>\n<!-- \/module text --><!-- module text -->\n<div  class=\"module module-text tb_uk1i579\" data-lazy=\"1\">\n            <div  class=\"tb_text_wrap\">\n    <div class=\"col-12 card-hov\">\n<p>Durch unsere Produkte sind wir ein Vorbild f\u00fcr andere Unternehmen, die nicht nachhaltig und fair produzieren. Damit k\u00f6nnen wir die Nachteile der Globalisierung verringern und auf unsere Umwelt achten<\/p>\n<\/div>\n<div class=\"col-12 card-hov\">\n<p>Die Herkunft unserer Produkte ist f\u00fcr unsere Kunden leicht nachvollziehbar. Durch die Kooperation mit dem Unternehmen <a style=\"color: #0000ff !important; font-weight: bold;\" href=\"http:\/\/weltladen-rennweg.at\/\" target=\"_blank\" rel=\"noopener\">Wetladen <\/a>sichern wir die Qualit\u00e4t unserer Fairtrade-Produkte und die Zufriedenheit unserer Kunden.<\/p>\n<\/div>    <\/div>\n<\/div>\n<!-- \/module text -->\t        <\/div>\n\t    \t<\/div>\n\t\t    <\/div>\n\t    <!-- \/row_inner -->\n\t<\/div>\n\t<!-- \/module_row -->\n\t\t<!-- module_row -->\n\t<div  data-lazy=\"1\" class=\"module_row themify_builder_row tb_u5zz135 clearfix\">\n\t    \t\t<div class=\"row_inner col_align_top tf_box tf_w tf_rel\">\n\t\t\t<div  data-lazy=\"1\" class=\"module_column tb-column col-full first tb_yquj135 tf_box\">\n\t    \t    \t        <div class=\"tb-column-inner tf_box tf_w\">\n\t\t    <!-- module text -->\n<div  class=\"module module-text tb_sveb463\" data-lazy=\"1\">\n            <div  class=\"tb_text_wrap\">\n    <h2 style=\"text-align: center;\">Unsere Partnerfirma<\/h2>    <\/div>\n<\/div>\n<!-- \/module text --><!-- module divider -->\n<div  class=\"module tf_mw module-divider tb_p63m726 double    wow\" data-tf-animation=\"fadeInUp\" data-tf-animation_delay=\"0.5\" style=\"border-width: 3px;border-color: #000;\" data-lazy=\"1\">\n        <\/div>\n<!-- \/module divider -->\n\t        <\/div>\n\t    \t<\/div>\n\t\t    <\/div>\n\t    <!-- \/row_inner -->\n\t<\/div>\n\t<!-- \/module_row -->\n\t\t<!-- module_row -->\n\t<div  data-lazy=\"1\" class=\"module_row themify_builder_row tb_kjgx4 clearfix\" >\n\t    \t\t<div class=\"row_inner col_align_top tf_box tf_w tf_rel\">\n\t\t\t<div  data-lazy=\"1\" class=\"module_column tb-column col2-1 first tb_nn6u4 tf_box\">\n\t    \t    \t        <div class=\"tb-column-inner tf_box tf_w\">\n\t\t    <!-- module image -->\n<div  class=\"module module-image tb_ni2g192   image-top tf_mw\" data-lazy=\"1\">\n            <div class=\"image-wrap tf_rel tf_mw\">\n\t\t    <a href=\"http:\/\/weltladen-rennweg.at\"\n\t       \t       >\n\t\t   \t\t<img loading=\"lazy\" decoding=\"async\" width=\"549\" height=\"312\" src=\"https:\/\/tfc.bhakwien10.schulwebspace.at\/wp-content\/uploads\/2021\/11\/Partnerfirma.png\" class=\"wp-post-image wp-image-592\" title=\"Partnerfirma\" alt=\"Partnerfirma\" srcset=\"https:\/\/tfc.bhakwien10.schulwebspace.at\/wp-content\/uploads\/2021\/11\/Partnerfirma.png 549w, https:\/\/tfc.bhakwien10.schulwebspace.at\/wp-content\/uploads\/2021\/11\/Partnerfirma-300x170.png 300w, https:\/\/tfc.bhakwien10.schulwebspace.at\/wp-content\/uploads\/2021\/11\/Partnerfirma-18x10.png 18w\" sizes=\"auto, (max-width: 549px) 100vw, 549px\" \/>\t    <\/a>\n\t\n\t\t<\/div>\n\t<!-- \/image-wrap -->\n    \n    \n<\/div>\n<!-- \/module image -->\t        <\/div>\n\t    \t<\/div>\n\t\t<div  data-lazy=\"1\" class=\"module_column tb-column col2-1 last tb_mfbe5 tf_box\">\n\t    \t    \t        <div class=\"tb-column-inner tf_box tf_w\">\n\t\t    <!-- module text -->\n<div  class=\"module module-text tb_n1yd532\" data-lazy=\"1\">\n            <div  class=\"tb_text_wrap\">\n    <p class=\"card-text\">Die \u00dcbungsfirma wurde im Schuljahr 2018\/19 gegr\u00fcndet. Durch pers\u00f6nliche Kontakte konnten wir den <a style=\"color: #0000ff !important; font-weight: bold;\" href=\"http:\/\/weltladen-rennweg.at\/\" target=\"_blank\" rel=\"noopener\">Wetladen<\/a>, Rennweg, 1030 Wien, als Partnerfirma gewinnen. Die Aufbauorganisation orientiert sich an diesem: (2 Profitcenter: Food, NonFood). Wir d\u00fcrfen aus ihrem Sortiment Produkte anbieten und erhalten Informationen, wie Einkaufspreise, Produktspezifikationen, &#8230;<\/p>\n<p>Des weiteren verwenden wir Informationen \u00fcber die Fair Trade Philosophie. Wir haben den<a style=\"color: #0000ff !important; font-weight: bold;\" href=\"http:\/\/weltladen-rennweg.at\/\" target=\"_blank\" rel=\"noopener\"> Wetladen <\/a>bei Lehrausg\u00e4ngen besucht und und verkaufen die Produkte bei Messen virtuell.<\/p>    <\/div>\n<\/div>\n<!-- \/module text -->\t        <\/div>\n\t    \t<\/div>\n\t\t    <\/div>\n\t    <!-- \/row_inner -->\n\t<\/div>\n\t<!-- \/module_row -->\n\t<\/div>\n<!--\/themify_builder_content-->","protected":false},"excerpt":{"rendered":"<p>\u00dcber Uns Wir sind die \u00dcbungsfirma \u201eThe Fair Company\u201c und zeichnen uns durch unseren Handel mit Fairtrade-Produkten aus. Im Schuljahr 2018\/2019 wurde unsere \u00dcbungsfirma gegr\u00fcndet. Uns liegt es besonders am Herzen, dass auch die Produzenten der Produkte genug verdienen, sodass sie von der Zusammenarbeit profitieren. Zus\u00e4tzlich wissen die Konsumenten immer woher ihr gekauftes Produkt stammt [&hellip;]<\/p>\n","protected":false},"author":1,"featured_media":0,"parent":0,"menu_order":0,"comment_status":"closed","ping_status":"closed","template":"","meta":{"footnotes":""},"class_list":["post-422","page","type-page","status-publish","hentry","has-post-title","has-post-date","has-post-category","has-post-tag","has-post-comment","has-post-author",""],"yoast_head":"<!-- This site is optimized with the Yoast SEO plugin v27.4 - https:\/\/yoast.com\/product\/yoast-seo-wordpress\/ -->\n<title>Web Design - IMCM - pcreated - \u00dcnal S\u00f6ylemez | Sch\u00fcler der BhakWien10<\/title>\n<meta name=\"description\" content=\"Sch\u00fcler der BhakWien10- Digital Business. Pr\u00e4sentiere meine Projekte auf meine Webseite. Sieh dir all meine coolen Projekte im Web Design an!\" \/>\n<meta name=\"robots\" content=\"index, follow, max-snippet:-1, max-image-preview:large, max-video-preview:-1\" \/>\n<link rel=\"canonical\" href=\"https:\/\/tfc.bhakwien10.schulwebspace.at\/en\/web-design\/\" \/>\n<meta property=\"og:locale\" content=\"en_US\" \/>\n<meta property=\"og:type\" content=\"article\" \/>\n<meta property=\"og:title\" content=\"Web Design - IMCM - pcreated - \u00dcnal S\u00f6ylemez | Sch\u00fcler der BhakWien10\" \/>\n<meta property=\"og:description\" content=\"Sch\u00fcler der BhakWien10- Digital Business. Pr\u00e4sentiere meine Projekte auf meine Webseite. Sieh dir all meine coolen Projekte im Web Design an!\" \/>\n<meta property=\"og:url\" content=\"https:\/\/tfc.bhakwien10.schulwebspace.at\/en\/web-design\/\" \/>\n<meta property=\"og:site_name\" content=\"TFC - The Fair Company\" \/>\n<meta property=\"article:modified_time\" content=\"2025-10-07T08:21:25+00:00\" \/>\n<meta property=\"og:image\" content=\"https:\/\/tfc.bhakwien10.schulwebspace.at\/wp-content\/uploads\/2021\/11\/vision.jpg\" \/>\n<meta name=\"twitter:card\" content=\"summary_large_image\" \/>\n<script type=\"application\/ld+json\" class=\"yoast-schema-graph\">{\"@context\":\"https:\\\/\\\/schema.org\",\"@graph\":[{\"@type\":\"WebPage\",\"@id\":\"https:\\\/\\\/tfc.bhakwien10.schulwebspace.at\\\/web-design\\\/\",\"url\":\"https:\\\/\\\/tfc.bhakwien10.schulwebspace.at\\\/web-design\\\/\",\"name\":\"Web Design - IMCM - pcreated - \u00dcnal S\u00f6ylemez | Sch\u00fcler der BhakWien10\",\"isPartOf\":{\"@id\":\"https:\\\/\\\/tfc.bhakwien10.schulwebspace.at\\\/#website\"},\"primaryImageOfPage\":{\"@id\":\"https:\\\/\\\/tfc.bhakwien10.schulwebspace.at\\\/web-design\\\/#primaryimage\"},\"image\":{\"@id\":\"https:\\\/\\\/tfc.bhakwien10.schulwebspace.at\\\/web-design\\\/#primaryimage\"},\"thumbnailUrl\":\"https:\\\/\\\/tfc.bhakwien10.schulwebspace.at\\\/wp-content\\\/uploads\\\/2021\\\/11\\\/Partnerfirma.png\",\"datePublished\":\"2021-04-25T22:04:09+00:00\",\"dateModified\":\"2025-10-07T08:21:25+00:00\",\"description\":\"Sch\u00fcler der BhakWien10- Digital Business. Pr\u00e4sentiere meine Projekte auf meine Webseite. Sieh dir all meine coolen Projekte im Web Design an!\",\"breadcrumb\":{\"@id\":\"https:\\\/\\\/tfc.bhakwien10.schulwebspace.at\\\/web-design\\\/#breadcrumb\"},\"inLanguage\":\"en-US\",\"potentialAction\":[{\"@type\":\"ReadAction\",\"target\":[\"https:\\\/\\\/tfc.bhakwien10.schulwebspace.at\\\/web-design\\\/\"]}]},{\"@type\":\"ImageObject\",\"inLanguage\":\"en-US\",\"@id\":\"https:\\\/\\\/tfc.bhakwien10.schulwebspace.at\\\/web-design\\\/#primaryimage\",\"url\":\"https:\\\/\\\/tfc.bhakwien10.schulwebspace.at\\\/wp-content\\\/uploads\\\/2021\\\/11\\\/Partnerfirma.png\",\"contentUrl\":\"https:\\\/\\\/tfc.bhakwien10.schulwebspace.at\\\/wp-content\\\/uploads\\\/2021\\\/11\\\/Partnerfirma.png\"},{\"@type\":\"BreadcrumbList\",\"@id\":\"https:\\\/\\\/tfc.bhakwien10.schulwebspace.at\\\/web-design\\\/#breadcrumb\",\"itemListElement\":[{\"@type\":\"ListItem\",\"position\":1,\"name\":\"Home\",\"item\":\"https:\\\/\\\/tfc.bhakwien10.schulwebspace.at\\\/\"},{\"@type\":\"ListItem\",\"position\":2,\"name\":\"IMCM\"}]},{\"@type\":\"WebSite\",\"@id\":\"https:\\\/\\\/tfc.bhakwien10.schulwebspace.at\\\/#website\",\"url\":\"https:\\\/\\\/tfc.bhakwien10.schulwebspace.at\\\/\",\"name\":\"TFC - The Fair Company\",\"description\":\"eine \u00dcbungsfirma der BHAK Wien10\",\"publisher\":{\"@id\":\"https:\\\/\\\/tfc.bhakwien10.schulwebspace.at\\\/#\\\/schema\\\/person\\\/fb980eec14f02fabf12dcb1101bf01e2\"},\"potentialAction\":[{\"@type\":\"SearchAction\",\"target\":{\"@type\":\"EntryPoint\",\"urlTemplate\":\"https:\\\/\\\/tfc.bhakwien10.schulwebspace.at\\\/?s={search_term_string}\"},\"query-input\":{\"@type\":\"PropertyValueSpecification\",\"valueRequired\":true,\"valueName\":\"search_term_string\"}}],\"inLanguage\":\"en-US\"},{\"@type\":[\"Person\",\"Organization\"],\"@id\":\"https:\\\/\\\/tfc.bhakwien10.schulwebspace.at\\\/#\\\/schema\\\/person\\\/fb980eec14f02fabf12dcb1101bf01e2\",\"name\":\"Admin\",\"image\":{\"@type\":\"ImageObject\",\"inLanguage\":\"en-US\",\"@id\":\"https:\\\/\\\/secure.gravatar.com\\\/avatar\\\/0e532e41d713615239e66d83defedf7145cab45d520057a734fa4b58198f8e00?s=96&d=mm&r=g\",\"url\":\"https:\\\/\\\/secure.gravatar.com\\\/avatar\\\/0e532e41d713615239e66d83defedf7145cab45d520057a734fa4b58198f8e00?s=96&d=mm&r=g\",\"contentUrl\":\"https:\\\/\\\/secure.gravatar.com\\\/avatar\\\/0e532e41d713615239e66d83defedf7145cab45d520057a734fa4b58198f8e00?s=96&d=mm&r=g\",\"caption\":\"Admin\"},\"logo\":{\"@id\":\"https:\\\/\\\/secure.gravatar.com\\\/avatar\\\/0e532e41d713615239e66d83defedf7145cab45d520057a734fa4b58198f8e00?s=96&d=mm&r=g\"},\"sameAs\":[\"https:\\\/\\\/tfc.bhakwien10.schulwebspace.at\"]}]}<\/script>\n<!-- \/ Yoast SEO plugin. -->","yoast_head_json":{"title":"Web Design - IMCM - pcreated - \u00dcnal S\u00f6ylemez | Sch\u00fcler der BhakWien10","description":"Sch\u00fcler der BhakWien10- Digital Business. Pr\u00e4sentiere meine Projekte auf meine Webseite. Sieh dir all meine coolen Projekte im Web Design an!","robots":{"index":"index","follow":"follow","max-snippet":"max-snippet:-1","max-image-preview":"max-image-preview:large","max-video-preview":"max-video-preview:-1"},"canonical":"https:\/\/tfc.bhakwien10.schulwebspace.at\/en\/web-design\/","og_locale":"en_US","og_type":"article","og_title":"Web Design - IMCM - pcreated - \u00dcnal S\u00f6ylemez | Sch\u00fcler der BhakWien10","og_description":"Sch\u00fcler der BhakWien10- Digital Business. Pr\u00e4sentiere meine Projekte auf meine Webseite. Sieh dir all meine coolen Projekte im Web Design an!","og_url":"https:\/\/tfc.bhakwien10.schulwebspace.at\/en\/web-design\/","og_site_name":"TFC - The Fair Company","article_modified_time":"2025-10-07T08:21:25+00:00","og_image":[{"url":"https:\/\/tfc.bhakwien10.schulwebspace.at\/wp-content\/uploads\/2021\/11\/vision.jpg","type":"","width":"","height":""}],"twitter_card":"summary_large_image","schema":{"@context":"https:\/\/schema.org","@graph":[{"@type":"WebPage","@id":"https:\/\/tfc.bhakwien10.schulwebspace.at\/web-design\/","url":"https:\/\/tfc.bhakwien10.schulwebspace.at\/web-design\/","name":"Web Design - IMCM - pcreated - \u00dcnal S\u00f6ylemez | Sch\u00fcler der BhakWien10","isPartOf":{"@id":"https:\/\/tfc.bhakwien10.schulwebspace.at\/#website"},"primaryImageOfPage":{"@id":"https:\/\/tfc.bhakwien10.schulwebspace.at\/web-design\/#primaryimage"},"image":{"@id":"https:\/\/tfc.bhakwien10.schulwebspace.at\/web-design\/#primaryimage"},"thumbnailUrl":"https:\/\/tfc.bhakwien10.schulwebspace.at\/wp-content\/uploads\/2021\/11\/Partnerfirma.png","datePublished":"2021-04-25T22:04:09+00:00","dateModified":"2025-10-07T08:21:25+00:00","description":"Sch\u00fcler der BhakWien10- Digital Business. Pr\u00e4sentiere meine Projekte auf meine Webseite. Sieh dir all meine coolen Projekte im Web Design an!","breadcrumb":{"@id":"https:\/\/tfc.bhakwien10.schulwebspace.at\/web-design\/#breadcrumb"},"inLanguage":"en-US","potentialAction":[{"@type":"ReadAction","target":["https:\/\/tfc.bhakwien10.schulwebspace.at\/web-design\/"]}]},{"@type":"ImageObject","inLanguage":"en-US","@id":"https:\/\/tfc.bhakwien10.schulwebspace.at\/web-design\/#primaryimage","url":"https:\/\/tfc.bhakwien10.schulwebspace.at\/wp-content\/uploads\/2021\/11\/Partnerfirma.png","contentUrl":"https:\/\/tfc.bhakwien10.schulwebspace.at\/wp-content\/uploads\/2021\/11\/Partnerfirma.png"},{"@type":"BreadcrumbList","@id":"https:\/\/tfc.bhakwien10.schulwebspace.at\/web-design\/#breadcrumb","itemListElement":[{"@type":"ListItem","position":1,"name":"Home","item":"https:\/\/tfc.bhakwien10.schulwebspace.at\/"},{"@type":"ListItem","position":2,"name":"IMCM"}]},{"@type":"WebSite","@id":"https:\/\/tfc.bhakwien10.schulwebspace.at\/#website","url":"https:\/\/tfc.bhakwien10.schulwebspace.at\/","name":"TFC - The Fair Company","description":"eine \u00dcbungsfirma der BHAK Wien10","publisher":{"@id":"https:\/\/tfc.bhakwien10.schulwebspace.at\/#\/schema\/person\/fb980eec14f02fabf12dcb1101bf01e2"},"potentialAction":[{"@type":"SearchAction","target":{"@type":"EntryPoint","urlTemplate":"https:\/\/tfc.bhakwien10.schulwebspace.at\/?s={search_term_string}"},"query-input":{"@type":"PropertyValueSpecification","valueRequired":true,"valueName":"search_term_string"}}],"inLanguage":"en-US"},{"@type":["Person","Organization"],"@id":"https:\/\/tfc.bhakwien10.schulwebspace.at\/#\/schema\/person\/fb980eec14f02fabf12dcb1101bf01e2","name":"Admin","image":{"@type":"ImageObject","inLanguage":"en-US","@id":"https:\/\/secure.gravatar.com\/avatar\/0e532e41d713615239e66d83defedf7145cab45d520057a734fa4b58198f8e00?s=96&d=mm&r=g","url":"https:\/\/secure.gravatar.com\/avatar\/0e532e41d713615239e66d83defedf7145cab45d520057a734fa4b58198f8e00?s=96&d=mm&r=g","contentUrl":"https:\/\/secure.gravatar.com\/avatar\/0e532e41d713615239e66d83defedf7145cab45d520057a734fa4b58198f8e00?s=96&d=mm&r=g","caption":"Admin"},"logo":{"@id":"https:\/\/secure.gravatar.com\/avatar\/0e532e41d713615239e66d83defedf7145cab45d520057a734fa4b58198f8e00?s=96&d=mm&r=g"},"sameAs":["https:\/\/tfc.bhakwien10.schulwebspace.at"]}]}},"builder_content":"<h2 style=\"text-align: center;\">\u00dcber Uns<\/h2>\n\n<p>Wir sind die \u00dcbungsfirma \u201eThe Fair Company\u201c und zeichnen uns durch unseren Handel mit Fairtrade-Produkten aus. Im Schuljahr 2018\/2019 wurde unsere \u00dcbungsfirma gegr\u00fcndet. Uns liegt es besonders am Herzen, dass auch die Produzenten der Produkte genug verdienen, sodass sie von der Zusammenarbeit profitieren.<\/p> <p>Zus\u00e4tzlich wissen die Konsumenten immer woher ihr gekauftes Produkt stammt und welche Inhalte enthalten sind. Aus diesem Grund achten wir bei allen unseren Produkten darauf, dass sie nachhaltig hergestellt wurden. Dadurch schonen wir die Umwelt und sparen Ressourcen und vermindern den Co2 Aussto\u00df. Au\u00dferdem arbeiten wir auch mit der Firma \u201eWeltladen\u201c zusammen, da diese dieselben Werte wie wir vertreten. Alle unserer Mitarbeiter stehen voll und ganz hinter diesen Werten, weshalb es ein leichtes f\u00fcr uns ist diese innerhalb der \u00dcbungsfirma umzusetzen.<\/p>\n<h2 style=\"text-align: center;\">Produktinformation<\/h2>\n\n<h3>Nachhaltigkeit<\/h3>\n<p>Durch unsere Produkte sind wir ein Vorbild f\u00fcr andere Unternehmen, die nicht nachhaltig und fair produzieren. Damit k\u00f6nnen wir die Nachteile der Globalisierung verringern und auf unsere Umwelt achten<\/p>\n<p>Die Herkunft unserer Produkte ist f\u00fcr unsere Kunden leicht nachvollziehbar. Durch die Kooperation mit dem Unternehmen <a style=\"color: #0000ff !important; font-weight: bold;\" href=\"http:\/\/weltladen-rennweg.at\/\" target=\"_blank\" rel=\"noopener\">Wetladen <\/a>sichern wir die Qualit\u00e4t unserer Fairtrade-Produkte und die Zufriedenheit unserer Kunden.<\/p>\n<h2 style=\"text-align: center;\">Unsere Partnerfirma<\/h2>\n\n<a href=\"http:\/\/weltladen-rennweg.at\" > <img loading=\"lazy\" decoding=\"async\" width=\"549\" height=\"312\" src=\"https:\/\/tfc.bhakwien10.schulwebspace.at\/wp-content\/uploads\/2021\/11\/Partnerfirma.png\" title=\"Partnerfirma\" alt=\"Partnerfirma\" srcset=\"https:\/\/tfc.bhakwien10.schulwebspace.at\/wp-content\/uploads\/2021\/11\/Partnerfirma.png 549w, https:\/\/tfc.bhakwien10.schulwebspace.at\/wp-content\/uploads\/2021\/11\/Partnerfirma-300x170.png 300w, https:\/\/tfc.bhakwien10.schulwebspace.at\/wp-content\/uploads\/2021\/11\/Partnerfirma-18x10.png 18w\" sizes=\"auto, (max-width: 549px) 100vw, 549px\" \/> <\/a>\n<p>Die \u00dcbungsfirma wurde im Schuljahr 2018\/19 gegr\u00fcndet. Durch pers\u00f6nliche Kontakte konnten wir den <a style=\"color: #0000ff !important; font-weight: bold;\" href=\"http:\/\/weltladen-rennweg.at\/\" target=\"_blank\" rel=\"noopener\">Wetladen<\/a>, Rennweg, 1030 Wien, als Partnerfirma gewinnen. Die Aufbauorganisation orientiert sich an diesem: (2 Profitcenter: Food, NonFood). Wir d\u00fcrfen aus ihrem Sortiment Produkte anbieten und erhalten Informationen, wie Einkaufspreise, Produktspezifikationen, ...<\/p> <p>Des weiteren verwenden wir Informationen \u00fcber die Fair Trade Philosophie. Wir haben den<a style=\"color: #0000ff !important; font-weight: bold;\" href=\"http:\/\/weltladen-rennweg.at\/\" target=\"_blank\" rel=\"noopener\"> Wetladen <\/a>bei Lehrausg\u00e4ngen besucht und und verkaufen die Produkte bei Messen virtuell.<\/p>","_links":{"self":[{"href":"https:\/\/tfc.bhakwien10.schulwebspace.at\/en\/wp-json\/wp\/v2\/pages\/422","targetHints":{"allow":["GET"]}}],"collection":[{"href":"https:\/\/tfc.bhakwien10.schulwebspace.at\/en\/wp-json\/wp\/v2\/pages"}],"about":[{"href":"https:\/\/tfc.bhakwien10.schulwebspace.at\/en\/wp-json\/wp\/v2\/types\/page"}],"author":[{"embeddable":true,"href":"https:\/\/tfc.bhakwien10.schulwebspace.at\/en\/wp-json\/wp\/v2\/users\/1"}],"replies":[{"embeddable":true,"href":"https:\/\/tfc.bhakwien10.schulwebspace.at\/en\/wp-json\/wp\/v2\/comments?post=422"}],"version-history":[{"count":64,"href":"https:\/\/tfc.bhakwien10.schulwebspace.at\/en\/wp-json\/wp\/v2\/pages\/422\/revisions"}],"predecessor-version":[{"id":1277,"href":"https:\/\/tfc.bhakwien10.schulwebspace.at\/en\/wp-json\/wp\/v2\/pages\/422\/revisions\/1277"}],"wp:attachment":[{"href":"https:\/\/tfc.bhakwien10.schulwebspace.at\/en\/wp-json\/wp\/v2\/media?parent=422"}],"curies":[{"name":"wp","href":"https:\/\/api.w.org\/{rel}","templated":true}]}}